{"id":394,"date":"2015-03-26T08:43:00","date_gmt":"2015-03-26T07:43:00","guid":{"rendered":"http:\/\/sollentunarackethall.se.loopiadns.com\/?page_id=394"},"modified":"2025-03-11T16:07:53","modified_gmt":"2025-03-11T15:07:53","slug":"priser","status":"publish","type":"page","link":"https:\/\/sollentunarackethall.se\/en\/priser\/","title":{"rendered":"Priser\/Prices"},"content":{"rendered":"<p><span class=\"style75\">\u00a0<\/span><strong>Racket finns att hyra, kostnad 30-40:-\/g\u00e5ng. Boll finns att k\u00f6pa f\u00f6r 35:-\/st. Endast bemannade tider.<\/strong><\/p>\n<p><strong>Priser Badminton 60min<\/strong><\/p>\n<p><em>Alla vardagar 06.00-17.00 &#8211; <strong>140:-<\/strong><\/em><\/p>\n<p><em>M\u00e5n-Tor 17.00-21.00 &#8211; <strong>230:-<\/strong>\u00a0<\/em><\/p>\n<p><em>Fredag 17.00-21.00 &#8211; <strong>140:-<\/strong><\/em><\/p>\n<p><em>L\u00f6rdag + S\u00f6ndag 06.00-09.00 &#8211; <strong>140:-<\/strong><\/em><\/p>\n<p><em>L\u00f6rdag + S\u00f6ndag 09.00-21.00 &#8211; <strong>190:-<\/strong><\/em><\/p>\n<p><em>Alla dagar 21.00-22.00 &#8211; <strong>140:-<br \/><br \/><\/strong>Studentrabatt:<br \/>Badminton:\u00a089 kr\/timme<br \/>Padel:\u00a0200 kr\/timme<br \/>G\u00e4ller m\u00e5ndag\u2013fredag kl. 08\u201315<br \/>Boka via telefon, visa studentkort i receptionen. Minst 50 % av spelarna p\u00e5 banan m\u00e5ste vara studenter.<br \/>Bollar och rack finns att hyra.<strong><br \/><\/strong><\/em><\/p>\n<p><strong>SBS medlemmar\u00a0 som \u00e4r med i tr\u00e4ningsgrupperna har 10% rabatt.<\/strong><\/p>\n<p><strong>Pension\u00e4rer och ungdomar spelar f\u00f6r 30 kr\/ person mellan 9-16 p\u00e5 m\u00e5ndag-fredag<\/strong><\/p>\n<hr \/>\n<p><strong>Priser Tennis\u00a060min<\/strong><\/p>\n<p><strong>Alla tider 170-225:-<\/strong><\/p>\n<hr \/>\n<p><strong>Priser Padel 60 min<\/strong><\/p>\n<p><strong>M\u00e5n-Tor 17.00-21.00 400:-<\/strong><\/p>\n<p><strong>\u00d6vrig tid 300:-<\/strong><\/p>\n<p><b>Priser Bordtennis\u00a0<strong>60min<\/strong><\/b><\/p>\n<p><strong>Alla tider 95:-<\/strong><\/p>\n<hr \/>\n<p><strong>Kontraktstider<\/strong><\/p>\n<p>Vid spel av badminton, tennis, pingis eller padel g\u00e5r det ocks\u00e5 bra att boka en st\u00e5ende tid varje vecka via kontrakt. Kontrakten bokas terminsvis och betalas via faktura. F\u00f6r mer information om lediga kontraktstider samt priser kontakta kansliet p\u00e5 mail <strong>mattias@sollentunabadminton.se<\/strong><\/p>\n\n\n<p><\/p>","protected":false},"excerpt":{"rendered":"<p>\u00a0Racket finns att hyra, kostnad 30-40:-\/g\u00e5ng. Boll finns att k\u00f6pa f\u00f6r 35:-\/st. Endast bemannade tider. Priser Badminton 60min Alla vardagar 06.00-17.00 &#8211; 140:- M\u00e5n-Tor 17.00-21.00 &#8211; 230:-\u00a0 Fredag 17.00-21.00 &#8211; 140:- L\u00f6rdag + S\u00f6ndag 06.00-09.00 &#8211; 140:- L\u00f6rdag + S\u00f6ndag 09.00-21.00 &#8211; 190:- Alla dagar 21.00-22.00 &#8211; 140:- Studentrabatt:Badminton:\u00a089 kr\/timmePadel:\u00a0200 [&hellip;]<\/p>\n","protected":false},"author":1,"featured_media":0,"parent":0,"menu_order":0,"comment_status":"closed","ping_status":"closed","template":"","meta":{"footnotes":""},"class_list":["post-394","page","type-page","status-publish","hentry"],"_links":{"self":[{"href":"https:\/\/sollentunarackethall.se\/en\/wp-json\/wp\/v2\/pages\/394","targetHints":{"allow":["GET"]}}],"collection":[{"href":"https:\/\/sollentunarackethall.se\/en\/wp-json\/wp\/v2\/pages"}],"about":[{"href":"https:\/\/sollentunarackethall.se\/en\/wp-json\/wp\/v2\/types\/page"}],"author":[{"embeddable":true,"href":"https:\/\/sollentunarackethall.se\/en\/wp-json\/wp\/v2\/users\/1"}],"replies":[{"embeddable":true,"href":"https:\/\/sollentunarackethall.se\/en\/wp-json\/wp\/v2\/comments?post=394"}],"version-history":[{"count":20,"href":"https:\/\/sollentunarackethall.se\/en\/wp-json\/wp\/v2\/pages\/394\/revisions"}],"predecessor-version":[{"id":848,"href":"https:\/\/sollentunarackethall.se\/en\/wp-json\/wp\/v2\/pages\/394\/revisions\/848"}],"wp:attachment":[{"href":"https:\/\/sollentunarackethall.se\/en\/wp-json\/wp\/v2\/media?parent=394"}],"curies":[{"name":"wp","href":"https:\/\/api.w.org\/{rel}","templated":true}]}}