{"id":398,"date":"2015-03-26T08:39:00","date_gmt":"2015-03-26T07:39:00","guid":{"rendered":"http:\/\/sollentunarackethall.se.loopiadns.com\/?page_id=398"},"modified":"2024-07-04T18:15:55","modified_gmt":"2024-07-04T17:15:55","slug":"hitta-hit","status":"publish","type":"page","link":"https:\/\/sollentunarackethall.se\/en\/hitta-hit\/","title":{"rendered":"Hitta hit\/Find us"},"content":{"rendered":"<p>Att ta sig till Sollentuna Rackethall \u00e4r enkelt. Det tar mindre \u00e4n 30 minuter att \u00e5ka kommunalt fr\u00e5n Stockholms Central och det g\u00e5r m\u00e5nga bussar fr\u00e5n Sollentuna Station eller Danderyds Sjukhus. N\u00e4rmaste bussh\u00e5llplatser \u00e4r Malla Silfverstolpes v\u00e4g och Edsbacka.<\/p>\n<p>F\u00f6r de som \u00e5ker bil finns fri parkering alla dagar.<\/p>\n<p>Adress: Stubbhagsv\u00e4gen 6, 19251 Sollentuna<\/p>\n<p>Telefonnummer reception: 08-96 96 10<\/p>\n<p>Epost : <a href=\"mailto:receptionen@sollentunarackethall.se\">mailto:receptionen@sollentunarackethall.se<\/a><\/p>\n<p><iframe loading=\"lazy\" style=\"border: 0px currentColor;\" src=\"https:\/\/www.google.com\/maps\/embed?pb=!1m18!1m12!1m3!1d2028.2734212299026!2d17.952222830566438!3d59.44519179616312!2m3!1f0!2f0!3f0!3m2!1i1024!2i768!4f13.1!3m3!1m2!1s0x0000000000000000%3A0xc582f7e469807ff8!2sSollentuna+Badmintons%C3%A4llskap!5e0!3m2!1ssv!2sse!4v1427708324184\" width=\"600\" height=\"450\" frameborder=\"0\"><\/iframe><\/p>","protected":false},"excerpt":{"rendered":"<p>Att ta sig till Sollentuna Rackethall \u00e4r enkelt. Det tar mindre \u00e4n 30 minuter att \u00e5ka kommunalt fr\u00e5n Stockholms Central och det g\u00e5r m\u00e5nga bussar fr\u00e5n Sollentuna Station eller Danderyds Sjukhus. N\u00e4rmaste bussh\u00e5llplatser \u00e4r Malla Silfverstolpes v\u00e4g och Edsbacka. F\u00f6r de som \u00e5ker bil finns fri parkering alla dagar. Adress: [&hellip;]<\/p>\n","protected":false},"author":1,"featured_media":0,"parent":0,"menu_order":0,"comment_status":"closed","ping_status":"closed","template":"","meta":{"footnotes":""},"class_list":["post-398","page","type-page","status-publish","hentry"],"_links":{"self":[{"href":"https:\/\/sollentunarackethall.se\/en\/wp-json\/wp\/v2\/pages\/398","targetHints":{"allow":["GET"]}}],"collection":[{"href":"https:\/\/sollentunarackethall.se\/en\/wp-json\/wp\/v2\/pages"}],"about":[{"href":"https:\/\/sollentunarackethall.se\/en\/wp-json\/wp\/v2\/types\/page"}],"author":[{"embeddable":true,"href":"https:\/\/sollentunarackethall.se\/en\/wp-json\/wp\/v2\/users\/1"}],"replies":[{"embeddable":true,"href":"https:\/\/sollentunarackethall.se\/en\/wp-json\/wp\/v2\/comments?post=398"}],"version-history":[{"count":2,"href":"https:\/\/sollentunarackethall.se\/en\/wp-json\/wp\/v2\/pages\/398\/revisions"}],"predecessor-version":[{"id":678,"href":"https:\/\/sollentunarackethall.se\/en\/wp-json\/wp\/v2\/pages\/398\/revisions\/678"}],"wp:attachment":[{"href":"https:\/\/sollentunarackethall.se\/en\/wp-json\/wp\/v2\/media?parent=398"}],"curies":[{"name":"wp","href":"https:\/\/api.w.org\/{rel}","templated":true}]}}