{"id":402,"date":"2015-03-31T21:58:00","date_gmt":"2015-03-31T20:58:00","guid":{"rendered":"http:\/\/sollentunarackethall.se.loopiadns.com\/?page_id=402"},"modified":"2025-08-11T10:20:01","modified_gmt":"2025-08-11T09:20:01","slug":"tennis-2","status":"publish","type":"page","link":"https:\/\/sollentunarackethall.se\/en\/tennis-2\/","title":{"rendered":"Tennis"},"content":{"rendered":"<p><strong>Det \u00e4r med stolthet vi kan presentera v\u00e5ra tre fr\u00e4scha tennisbanor i Sollentuna Rackethall. Golvet \u00e4r gjort av sportunderlaget Plexipave och i tennishallen finns en helt nyrenoverad l\u00e4ktare med f\u00e5t\u00f6ljer och soffa d\u00e4r man kan fika innan eller efter spelandet. I anslutning till tennisbanorna finns ett omkl\u00e4dningsrum med duschar men vill man \u00e4ven basta efter spelet g\u00e5r det sj\u00e4lvklart bra att g\u00f6ra det i de st\u00f6rre omkl\u00e4dningsrummen n\u00e4rmare badmintonbanorna. <\/strong><\/p>\n<p><strong>Tr\u00e4ning i grupp eller privat finns i samarbete med US Tennis. Info p\u00e5 <a href=\"https:\/\/ustennis.se\/\">www.ustennis.se<\/a>.<\/strong><\/p>\n<p><strong>Tennisbanorna g\u00e5r utm\u00e4rkt att boka via v\u00e5rt <a href=\"https:\/\/www.matchi.se\/facilities\/sollentunarackethall\" target=\"_blank\" rel=\"noopener noreferrer\">bokningssystem Matchi<\/a> eller genom att ringa receptionen p\u00e5 08- 96 96 10. Varmt v\u00e4lkomna! Helpdesk:<\/strong><strong><a href=\"https:\/\/matchiplayers.zendesk.com\">\u00a0https:\/\/matchiplayers.zendesk.com<\/a>\/<\/strong><\/p>\n<p><strong>Bollar, racketar och sporttillbeh\u00f6r finns att hyra eller k\u00f6pa i v\u00e5r \u00a0sportshop.\u00a0<\/strong><\/p>\n<hr \/>\n<p><strong>Priser Tennis 60min<\/strong><\/p>\n<p><strong>F\u00f6rmiddagstid 09.00-17.00: 180kr<\/strong><\/p>\n<p><strong>Kv\u00e4llstid 17.00-22.00: 235kr<\/strong><\/p>\n<p><strong>Det g\u00e5r ocks\u00e5 bra att boka en st\u00e5ende tid varje vecka via kontrakt. Kontrakten bokas terminsvis och betalas via faktura. F\u00f6r mer information om lediga kontraktstider samt priser kontakta kansliet p\u00e5 mail FROEJDAB@gmail.com<\/strong><\/p>\n<hr \/>","protected":false},"excerpt":{"rendered":"<p>Det \u00e4r med stolthet vi kan presentera v\u00e5ra tre fr\u00e4scha tennisbanor i Sollentuna Rackethall. Golvet \u00e4r gjort av sportunderlaget Plexipave och i tennishallen finns en helt nyrenoverad l\u00e4ktare med f\u00e5t\u00f6ljer och soffa d\u00e4r man kan fika innan eller efter spelandet. I anslutning till tennisbanorna finns ett omkl\u00e4dningsrum med duschar men [&hellip;]<\/p>\n","protected":false},"author":1,"featured_media":192,"parent":0,"menu_order":0,"comment_status":"closed","ping_status":"closed","template":"","meta":{"footnotes":""},"class_list":["post-402","page","type-page","status-publish","has-post-thumbnail","hentry"],"_links":{"self":[{"href":"https:\/\/sollentunarackethall.se\/en\/wp-json\/wp\/v2\/pages\/402","targetHints":{"allow":["GET"]}}],"collection":[{"href":"https:\/\/sollentunarackethall.se\/en\/wp-json\/wp\/v2\/pages"}],"about":[{"href":"https:\/\/sollentunarackethall.se\/en\/wp-json\/wp\/v2\/types\/page"}],"author":[{"embeddable":true,"href":"https:\/\/sollentunarackethall.se\/en\/wp-json\/wp\/v2\/users\/1"}],"replies":[{"embeddable":true,"href":"https:\/\/sollentunarackethall.se\/en\/wp-json\/wp\/v2\/comments?post=402"}],"version-history":[{"count":10,"href":"https:\/\/sollentunarackethall.se\/en\/wp-json\/wp\/v2\/pages\/402\/revisions"}],"predecessor-version":[{"id":904,"href":"https:\/\/sollentunarackethall.se\/en\/wp-json\/wp\/v2\/pages\/402\/revisions\/904"}],"wp:featuredmedia":[{"embeddable":true,"href":"https:\/\/sollentunarackethall.se\/en\/wp-json\/wp\/v2\/media\/192"}],"wp:attachment":[{"href":"https:\/\/sollentunarackethall.se\/en\/wp-json\/wp\/v2\/media?parent=402"}],"curies":[{"name":"wp","href":"https:\/\/api.w.org\/{rel}","templated":true}]}}