{"id":406,"date":"2020-03-26T13:48:00","date_gmt":"2020-03-26T12:48:00","guid":{"rendered":"http:\/\/sollentunarackethall.se.loopiadns.com\/?page_id=406"},"modified":"2022-01-01T21:41:39","modified_gmt":"2022-01-01T20:41:39","slug":"sollentuna-badminton","status":"publish","type":"page","link":"https:\/\/sollentunarackethall.se\/en\/sollentuna-badminton\/","title":{"rendered":"Sollentuna Badminton"},"content":{"rendered":"<p><strong>Mer info om klubbens verksamt hittar du p\u00e5  <a href=\"https:\/\/www.sollentunabadminton.se\/\">https:\/\/www.sollentunabadminton.se\/<\/a> <\/strong><\/p>\n\n\n\n<p>St\u00f6tta v\u00e5ra ungdomar!<\/p>\n\n\n\n<p>Har du m\u00f6jlighet att st\u00f6tta oss s\u00e5 att vi ska kunna forts\u00e4tta att utveckla v\u00e5r ungdomsverksamhet med \u00e4nnu fler barn och ungdomar. \u00c4ven ge v\u00e5ra t\u00e4vlingsjuniorer m\u00f6jlighet att f\u00e5 det st\u00f6d som kr\u00e4vs f\u00f6r att bli en toppspelare.<\/p>\n\n\n\n<p>Vi erbjuder:<\/p>\n\n\n\n<p>&#8211; Personalaktiviteter Offert<\/p>\n\n\n\n<p>&#8211; Tr\u00e4ning i grupp eller privattr\u00e4ning Offert<\/p>\n\n\n\n<p>&#8211; Skapa ett konto d\u00e4r personalen kan boka och spela. Vi fakturerar. Offert<\/p>\n\n\n\n<p>&#8211; Plats i bildspel p\u00e5 infosk\u00e4rm i cafeteria. Obegr\u00e4nsade byten av bild 5000:-\/\u00e5r<\/p>\n\n\n\n<p>&#8211; Namge bana i bokningsprogrammet Matchi med \u00f6ver 5000 anv\u00e4ndare 2000:-\/\u00e5r<\/p>\n\n\n\n<p>&#8211; Synas p\u00e5 sociala medier, hemsidor med logotype\/annons 2000:-\/\u00e5r<\/p>\n\n\n\n<p>&#8211; Skylt(100&#215;240) i hallen 10 000:-\/\u00e5r<\/p>\n\n\n\n<p>Som sponsor kan ni v\u00e4lja fritt ur ovanst\u00e5ende meny och tillsammans med oss skapa ett paket som passar Er!<\/p>\n\n\n\n<p>F\u00f6r mer info och vidare diskussioner kontakta:<\/p>\n\n\n\n<p>Receptionen 08-969610<\/p>\n\n\n\n<p>Med v\u00e4nlig h\u00e4lsning<\/p>\n\n\n\n<p>Sollentuna Badmintons\u00e4llskap<\/p>","protected":false},"excerpt":{"rendered":"<p>Mer info om klubbens verksamt hittar du p\u00e5 https:\/\/www.sollentunabadminton.se\/ St\u00f6tta v\u00e5ra ungdomar! Har du m\u00f6jlighet att st\u00f6tta oss s\u00e5 att vi ska kunna forts\u00e4tta att utveckla v\u00e5r ungdomsverksamhet med \u00e4nnu fler barn och ungdomar. \u00c4ven ge v\u00e5ra t\u00e4vlingsjuniorer m\u00f6jlighet att f\u00e5 det st\u00f6d som kr\u00e4vs f\u00f6r att bli en toppspelare. [&hellip;]<\/p>\n","protected":false},"author":1,"featured_media":0,"parent":0,"menu_order":0,"comment_status":"closed","ping_status":"closed","template":"","meta":{"footnotes":""},"class_list":["post-406","page","type-page","status-publish","hentry"],"_links":{"self":[{"href":"https:\/\/sollentunarackethall.se\/en\/wp-json\/wp\/v2\/pages\/406","targetHints":{"allow":["GET"]}}],"collection":[{"href":"https:\/\/sollentunarackethall.se\/en\/wp-json\/wp\/v2\/pages"}],"about":[{"href":"https:\/\/sollentunarackethall.se\/en\/wp-json\/wp\/v2\/types\/page"}],"author":[{"embeddable":true,"href":"https:\/\/sollentunarackethall.se\/en\/wp-json\/wp\/v2\/users\/1"}],"replies":[{"embeddable":true,"href":"https:\/\/sollentunarackethall.se\/en\/wp-json\/wp\/v2\/comments?post=406"}],"version-history":[{"count":1,"href":"https:\/\/sollentunarackethall.se\/en\/wp-json\/wp\/v2\/pages\/406\/revisions"}],"predecessor-version":[{"id":407,"href":"https:\/\/sollentunarackethall.se\/en\/wp-json\/wp\/v2\/pages\/406\/revisions\/407"}],"wp:attachment":[{"href":"https:\/\/sollentunarackethall.se\/en\/wp-json\/wp\/v2\/media?parent=406"}],"curies":[{"name":"wp","href":"https:\/\/api.w.org\/{rel}","templated":true}]}}