{"id":512,"date":"2023-08-15T13:46:10","date_gmt":"2023-08-15T12:46:10","guid":{"rendered":"https:\/\/sollentunarackethall.se\/?page_id=512"},"modified":"2023-11-10T14:55:36","modified_gmt":"2023-11-10T13:55:36","slug":"pickleball-4","status":"publish","type":"page","link":"https:\/\/sollentunarackethall.se\/en\/pickleball-4\/","title":{"rendered":"Pickleball"},"content":{"rendered":"<p>Nu finns m\u00f6jlighet att spela pickleball m\u00e5ndag-s\u00f6ndag mellan 09-17. Bokning endast via telefon 08-969610. Racketar och bollar finns att hyra.<\/p>","protected":false},"excerpt":{"rendered":"<p>Nu finns m\u00f6jlighet att spela pickleball m\u00e5ndag-s\u00f6ndag mellan 09-17. Bokning endast via telefon 08-969610. Racketar och bollar finns att hyra.<\/p>","protected":false},"author":2,"featured_media":0,"parent":0,"menu_order":0,"comment_status":"closed","ping_status":"closed","template":"","meta":{"footnotes":""},"class_list":["post-512","page","type-page","status-publish","hentry"],"_links":{"self":[{"href":"https:\/\/sollentunarackethall.se\/en\/wp-json\/wp\/v2\/pages\/512","targetHints":{"allow":["GET"]}}],"collection":[{"href":"https:\/\/sollentunarackethall.se\/en\/wp-json\/wp\/v2\/pages"}],"about":[{"href":"https:\/\/sollentunarackethall.se\/en\/wp-json\/wp\/v2\/types\/page"}],"author":[{"embeddable":true,"href":"https:\/\/sollentunarackethall.se\/en\/wp-json\/wp\/v2\/users\/2"}],"replies":[{"embeddable":true,"href":"https:\/\/sollentunarackethall.se\/en\/wp-json\/wp\/v2\/comments?post=512"}],"version-history":[{"count":2,"href":"https:\/\/sollentunarackethall.se\/en\/wp-json\/wp\/v2\/pages\/512\/revisions"}],"predecessor-version":[{"id":548,"href":"https:\/\/sollentunarackethall.se\/en\/wp-json\/wp\/v2\/pages\/512\/revisions\/548"}],"wp:attachment":[{"href":"https:\/\/sollentunarackethall.se\/en\/wp-json\/wp\/v2\/media?parent=512"}],"curies":[{"name":"wp","href":"https:\/\/api.w.org\/{rel}","templated":true}]}}